{"id":23,"date":"2021-01-20T19:41:16","date_gmt":"2021-01-20T19:41:16","guid":{"rendered":"https:\/\/janoshida.eu\/eng\/home\/"},"modified":"2024-06-14T20:11:57","modified_gmt":"2024-06-14T20:11:57","slug":"home","status":"publish","type":"page","link":"https:\/\/janoshida.eu\/eng\/","title":{"rendered":"Home"},"content":{"rendered":"\n\n\njanoshida\nJ\u00e1noshida cares\n<h4 style=\"text-align: center;\">Sustainable, caring, elderly friendly, <br>organic, regenerative future?<\/h4>\n<h4 style=\"text-align: center;\"><br><strong> YES!<\/strong>&nbsp;&nbsp;<\/h4>\n\n\n\n\nWELCOME!\n\n<p style=\"font-family:roboto;font-size:14px;font-weight:600;line-height:1.5;text-align:center;color:#5d5d5d\">The project was originally initiated by a community member of J\u00e1noshida, in 2020. <br>Peter Sziraki, who himself is a carer and an ex-ambulance-worker, responded to a <a href=\"https:\/\/tudatosoregedes.org\/2019\/04\/24\/magyarorszag-europa-idosgondozasi-mekkaja-lehetne-avagy-irjunk-uj-orszagviziot\/\" target=\"blank\" rel=\"noopener\">rural development concept<\/a> of Hekate Conscious Ageing Foundation (HCAF) and the dialogue has began between Mayor Eszes B\u00e9la, P\u00e9ter and HCAF. <br>As a result, the Municipality of J\u00e1noshida and HCAF worked out a joint vision and a cooperation framework called JANOSHIDA2030, in order to further develop the already significant elderly-care related services of the village. <br>Our joint aim is to create a European model of elderly-friendly and environmentally sustainable modern settlements. <\/p>\n\n\n<p style=\"font-family:roboto;font-size:14px;font-weight:600;line-height:1.5;text-align:center;color:#5d5d5d\">J\u00e1noshida is a village of approx. 2500 inhabitants on an area of 34 km2. With about 830-year-old history, the village is rich in cultural heritage. <br>In 2020, 2015 and 2010 J\u00e1noshida was awarded as &#8220;Elderly-friendly Municipality&#8221; by the County Assembly of J\u00e1sz-Nagykun-Szolnok.&nbsp;<\/p>\n\n\n<p style=\"font-family:roboto;font-size:14px;font-weight:600;line-height:1.5;text-align:center;color:#5d5d5d\"><span style=\"background-color: transparent;\">&nbsp;<\/span><span style=\"background-color: transparent;\">JANOSHIDA2030 is a complex rural development project that responds to many major issues of our current times.<br><\/span>Our vision is to build a modern, progressive, sustainable European model village that offers community based solutions to the care-crisis and the climate-crisis at the same time.<br>Our aims are to create an elderly-friendly social ecosystem, to encourage young people to stay and find meaningful local employment, to go carbon neutral by using renewable energy and to grow our own food locally.<\/p>\n\n\n\n\n<p style=\"font-family:roboto;font-size:14px;font-weight:600;line-height:1.5;text-align:center;color:#5d5d5d\">Elderly-care and care in general are in the very heart of the community. Care related infrastructures and networks are in the focus of local development. Complex care-centered education, community development and social infrastructure development also play an important role in the village.&nbsp;<\/p>\n\n\n<p style=\"font-family:roboto;font-size:14px;font-weight:600;line-height:1.5;text-align:center;color:#5d5d5d\">Europe is ageing. Individuals, communities, nations and indeed the EU as a whole must rethink their strategies around how to support active and healthy ageing.<\/p><p style=\"font-family:roboto;font-size:14px;font-weight:600;line-height:1.5;text-align:center;color:#5d5d5d\">The care-crisis is already causing a lot of pain and financial burden on families. <br>The JANOSHIDA2030 project offers a solution.<\/p>\n\n\n\n\n<p style=\"font-family:roboto;font-size:14px;font-weight:600;line-height:1.5;text-align:center;color:#5d5d5d\">Janoshida has a lot to offer in terms of sport and community. We believe that these two are important cornerstones of a wholesome ageing society.&nbsp;<\/p>\n\n\n<p style=\"font-family:roboto;font-size:14px;font-weight:600;line-height:1.5;text-align:center;color:#5d5d5d\">One of the major characteristics of the JANOSHIDA2030 project is that it is based on Permaculture ethics and principles: &#8220;the Earth care&#8221;, &#8220;People Care&#8221;, &#8220;Fair Share&#8221;.<br>Local organic food production, food&nbsp;<strong><span style=\"font-size: 10.5pt; line-height: 107%; font-family: Roboto;\">sovereignty<\/span><\/strong>, short supply chains and circular economy are key principles in the development.<\/p>\n\n\n\n\n<p style=\"font-family:roboto;font-size:14px;font-weight:600;line-height:1.5;text-align:center;color:#5d5d5d\">Janoshida2030 is a community owned and community lead development.  Social diversity and inclusion are all assets that we build upon. We are confident that autonomous, strong and resilient local communities, with solidarity centered local governance are the key social engines to build a sustainable future.<\/p>\n\n\n<p style=\"font-family:roboto;font-size:14px;font-weight:600;line-height:1.5;text-align:center;color:#5d5d5d\">Small, ageing Hungarian villages often have rather small ecological footprints and high biodiversity already, especially compared to larger settlements. In the framework of Janoshida2030 our intention is to gear that up by introducing even more local regenerative ecological, food producing and circular economy related systems and services.<\/p>\n\n\n\n\n\n\n\n\n\n\nabout Janoshida2030 \/ J2030\n\n<p style=\"font-family:roboto;font-size:14px;font-weight:600;line-height:1.5;text-align:center;color:#5d5d5d\">The aim of the JANOSHIDA2030 project is to create a modern and flourishing village life that offer meaningful employment to locals. It also aims to welcome elders from other European countries willing to settle down in an elderly-friendly social ecosystem.<\/p>\n\n\n\n\n\n\n\n\n\n\n\n\n\n\n\n\n\n\n\n\nmy vision for j\u00e1noshida&nbsp;\n<p style=\"font-family:roboto;font-size:14px;font-weight:400;line-height:2;text-align:left;color:#5d5d5d\">Many villages in Hungary have huge environmental, social and economic potential. This potential is often unutilized.&nbsp;<\/p><p style=\"font-family:roboto;font-size:14px;font-weight:400;line-height:2;text-align:left;color:#5d5d5d\">Since 1998, when I first became Mayor,&nbsp; I keep working on changing that. My focus is always on how to improve lives and livelihoods of the members of this community.&nbsp;<\/p>\n<p style=\"font-family:roboto;font-size:14px;font-weight:400;line-height:2;text-align:left;color:#5d5d5d\"><span style=\"background-color: transparent;\">J\u00e1noshida is a beautiful place with the River Zagyva flowing through. The village is rich in cultural heritage and natural resources. Bigger towns (Cegl\u00e9d, J\u00e1szber\u00e9ny) and Budapest are not far, the airport is only an hour away.&nbsp;&nbsp;<\/span><br><\/p>\n<p style=\"font-family:roboto;font-size:14px;font-weight:400;line-height:2;text-align:left;color:#5d5d5d\"><span style=\"background-color: transparent;\">Responding to the changes in demographics both in the village and Europe as a whole, my intention is to create a super-modern yet close-to-Nature, sustainable village environment that welcomes people willing to age actively and consciously.&nbsp;&nbsp;&nbsp;<\/span><br><\/p>\nBela Eszes\n<p style=\"line-height: 2; text-align: left;\"><\/p><p style=\"text-align: center;\"><span style=\"background-color: transparent; color: rgb(93, 93, 93); font-family: roboto; font-size: 14px;\">Mayor<br><a href=\"http:\/\/janoshida.hu\/\" target=\"blank\" rel=\"noopener\">J\u00e1noshida, Hungary<\/a><\/span><\/p><p><\/p>\n\n\n\n\n\n\n\n\n\n\n\n\n\n\n\n\n\n\n\n\n\n\neurope that cares\n<p style=\"line-height: 2; text-align: left;\"><span style=\"background-color: transparent; font-size: 14px;\"><font color=\"#5d5d5d\" face=\"roboto\">Europe is ageing and our societies face several challenges. We, at Hekate Conscious Ageing Foundation, strongly believe that ageing can be turned into opportunities on all individual, community and social levels.<\/font><\/span><\/p>\n<p style=\"line-height: 2; text-align: left;\"><span style=\"color: rgb(93, 93, 93); font-family: roboto; font-size: 14px;\">One of our aims is to create, build and maintain spaces, where members of the communities can live a meaningful and healthy life regardless of their age, sex, nationality, educational background, ethnicity, religion, etc.<\/span><\/p>\n<p style=\"line-height: 2; text-align: left;\"><span style=\"color: rgb(93, 93, 93); font-family: roboto; font-size: 14px;\">We are absolutely delighted to work together with members the of J\u00e1noshida community to make this joint JANOSHIDA2030 vision come true.&nbsp;<\/span><br><\/p>\nMilena Milankovics\n<p style=\"line-height: 2; text-align: left;\"><\/p><p style=\"text-align: center;\"><span style=\"background-color: transparent; color: rgb(93, 93, 93); font-family: roboto; font-size: 14px;\">Director <br><a href=\"https:\/\/hekate.foundation\/\" target=\"blank\" rel=\"noopener\">Hekate Conscious Ageing Foundation<\/a><\/span><\/p><p><\/p>\n\n\n\n\n\n\ntestimonials\n\n<p style=\"font-family:roboto;font-size:14px;font-weight:600;line-height:1.5;text-align:center;color:#5d5d5d\">from team members<\/p>\n\n<p style=\"font-family:roboto;font-size:14px;font-weight:400;line-height:2;text-align:center;color:#5d5d5d\">&#8220;It is super-exiting when local communities, NGOs, businesses REALLY start working together to co-create and build a resilient, modern and sustainable future.<br>For me this is what JANOSHIDA2030 is all about.&#8221;<\/p>\n<p style=\"font-family:roboto;font-size:14px;font-weight:400;line-height:2;text-align:center;color:#5d5d5d\">&#8220;Our future is based on sustainability. <br>Younger generations have to think forward more than just a few years <br>in order to create a better place for the next generations.&#8221;<\/p>\n\n\n\n","protected":false},"excerpt":{"rendered":"","protected":false},"author":0,"featured_media":0,"parent":0,"menu_order":0,"comment_status":"closed","ping_status":"closed","template":"","meta":{"pagelayer_contact_templates":[],"_pagelayer_content":"","footnotes":""},"class_list":["post-23","page","type-page","status-publish","hentry"],"_links":{"self":[{"href":"https:\/\/janoshida.eu\/eng\/wp-json\/wp\/v2\/pages\/23","targetHints":{"allow":["GET"]}}],"collection":[{"href":"https:\/\/janoshida.eu\/eng\/wp-json\/wp\/v2\/pages"}],"about":[{"href":"https:\/\/janoshida.eu\/eng\/wp-json\/wp\/v2\/types\/page"}],"replies":[{"embeddable":true,"href":"https:\/\/janoshida.eu\/eng\/wp-json\/wp\/v2\/comments?post=23"}],"version-history":[{"count":78,"href":"https:\/\/janoshida.eu\/eng\/wp-json\/wp\/v2\/pages\/23\/revisions"}],"predecessor-version":[{"id":489,"href":"https:\/\/janoshida.eu\/eng\/wp-json\/wp\/v2\/pages\/23\/revisions\/489"}],"wp:attachment":[{"href":"https:\/\/janoshida.eu\/eng\/wp-json\/wp\/v2\/media?parent=23"}],"curies":[{"name":"wp","href":"https:\/\/api.w.org\/{rel}","templated":true}]}}